{"id":1359,"date":"2020-08-14T21:17:47","date_gmt":"2020-08-14T21:17:47","guid":{"rendered":"https:\/\/mexicontainer.mx\/contenedores-maritimos-en-venta\/?page_id=1359"},"modified":"2024-07-31T07:30:43","modified_gmt":"2024-07-31T07:30:43","slug":"aviso-de-privacidad","status":"publish","type":"page","link":"https:\/\/mexicontainer.mx\/contenedores-maritimos-precio\/aviso-de-privacidad\/","title":{"rendered":"Aviso de Privacidad"},"content":{"rendered":"\t\t<div data-elementor-type=\"wp-post\" data-elementor-id=\"1359\" class=\"elementor elementor-1359\">\n\t\t\t\t\t\t<section class=\"elementor-section elementor-top-section elementor-element elementor-element-39bd63c1 elementor-section-full_width elementor-section-content-middle elementor-section-height-default elementor-section-height-default\" data-id=\"39bd63c1\" data-element_type=\"section\" data-e-type=\"section\" data-settings=\"{&quot;background_background&quot;:&quot;classic&quot;}\">\n\t\t\t\t\t\t\t<div class=\"elementor-background-overlay\"><\/div>\n\t\t\t\t\t\t\t<div class=\"elementor-container elementor-column-gap-no\">\n\t\t\t\t\t<div class=\"elementor-column elementor-col-100 elementor-top-column elementor-element elementor-element-2ef6d73f\" data-id=\"2ef6d73f\" data-element_type=\"column\" data-e-type=\"column\">\n\t\t\t<div class=\"elementor-widget-wrap elementor-element-populated\">\n\t\t\t\t\t\t<div class=\"elementor-element elementor-element-13757a1d elementor-widget elementor-widget-heading\" data-id=\"13757a1d\" data-element_type=\"widget\" data-e-type=\"widget\" data-widget_type=\"heading.default\">\n\t\t\t\t<div class=\"elementor-widget-container\">\n\t\t\t\t\t<h1 class=\"elementor-heading-title elementor-size-default\">Aviso de privacidad<\/h1>\t\t\t\t<\/div>\n\t\t\t\t<\/div>\n\t\t\t\t<div class=\"elementor-element elementor-element-79325e0d elementor-widget-divider--view-line elementor-widget elementor-widget-divider\" data-id=\"79325e0d\" data-element_type=\"widget\" data-e-type=\"widget\" data-widget_type=\"divider.default\">\n\t\t\t\t<div class=\"elementor-widget-container\">\n\t\t\t\t\t\t\t<div class=\"elementor-divider\">\n\t\t\t<span class=\"elementor-divider-separator\">\n\t\t\t\t\t\t<\/span>\n\t\t<\/div>\n\t\t\t\t\t\t<\/div>\n\t\t\t\t<\/div>\n\t\t\t\t\t<\/div>\n\t\t<\/div>\n\t\t\t\t\t<\/div>\n\t\t<\/section>\n\t\t\t\t<section class=\"elementor-section elementor-top-section elementor-element elementor-element-186107f elementor-section-content-middle elementor-section-boxed elementor-section-height-default elementor-section-height-default\" data-id=\"186107f\" data-element_type=\"section\" data-e-type=\"section\">\n\t\t\t\t\t\t<div class=\"elementor-container elementor-column-gap-no\">\n\t\t\t\t\t<div class=\"elementor-column elementor-col-100 elementor-top-column elementor-element elementor-element-803f210\" data-id=\"803f210\" data-element_type=\"column\" data-e-type=\"column\">\n\t\t\t<div class=\"elementor-widget-wrap\">\n\t\t\t\t\t\t\t<\/div>\n\t\t<\/div>\n\t\t\t\t\t<\/div>\n\t\t<\/section>\n\t\t\t\t<section class=\"elementor-section elementor-top-section elementor-element elementor-element-559ee0d elementor-section-boxed elementor-section-height-default elementor-section-height-default\" data-id=\"559ee0d\" data-element_type=\"section\" data-e-type=\"section\">\n\t\t\t\t\t\t<div class=\"elementor-container elementor-column-gap-no\">\n\t\t\t\t\t<div class=\"elementor-column elementor-col-100 elementor-top-column elementor-element elementor-element-5bf65f4\" data-id=\"5bf65f4\" data-element_type=\"column\" data-e-type=\"column\" data-settings=\"{&quot;background_background&quot;:&quot;classic&quot;}\">\n\t\t\t<div class=\"elementor-widget-wrap elementor-element-populated\">\n\t\t\t\t\t\t<div class=\"elementor-element elementor-element-dfd0dc8 elementor-widget elementor-widget-image\" data-id=\"dfd0dc8\" data-element_type=\"widget\" data-e-type=\"widget\" data-widget_type=\"image.default\">\n\t\t\t\t<div class=\"elementor-widget-container\">\n\t\t\t\t\t\t\t\t\t\t\t\t\t\t\t\t<a href=\"https:\/\/mexicontainer.mx\/contenedores-maritimos-en-venta\/wp-content\/uploads\/2020\/05\/logo-contenedores-maritimos-en-venta-mexicontainer.jpg\" data-elementor-open-lightbox=\"yes\" data-elementor-lightbox-title=\"logo contenedores maritimos en venta mexicontainer\" data-elementor-lightbox-description=\"logo contenedores maritimos en venta mexicontainer\" data-e-action-hash=\"#elementor-action%3Aaction%3Dlightbox%26settings%3DeyJpZCI6MTI1NywidXJsIjoiaHR0cHM6XC9cL21leGljb250YWluZXIubXhcL2NvbnRlbmVkb3Jlcy1tYXJpdGltb3MtcHJlY2lvXC93cC1jb250ZW50XC91cGxvYWRzXC8yMDIwXC8wNVwvbG9nby1jb250ZW5lZG9yZXMtbWFyaXRpbW9zLWVuLXZlbnRhLW1leGljb250YWluZXIuanBnIn0%3D\">\n\t\t\t\t\t\t\t<img decoding=\"async\" width=\"150\" height=\"150\" src=\"https:\/\/mexicontainer.mx\/contenedores-maritimos-precio\/wp-content\/uploads\/2020\/05\/logo-contenedores-maritimos-en-venta-mexicontainer-150x150.jpg\" class=\"attachment-thumbnail size-thumbnail wp-image-1257\" alt=\"logo contenedores maritimos en venta mexicontainer\" srcset=\"https:\/\/mexicontainer.mx\/contenedores-maritimos-precio\/wp-content\/uploads\/2020\/05\/logo-contenedores-maritimos-en-venta-mexicontainer-150x150.jpg 150w, https:\/\/mexicontainer.mx\/contenedores-maritimos-precio\/wp-content\/uploads\/2020\/05\/logo-contenedores-maritimos-en-venta-mexicontainer-300x300.jpg 300w, https:\/\/mexicontainer.mx\/contenedores-maritimos-precio\/wp-content\/uploads\/2020\/05\/logo-contenedores-maritimos-en-venta-mexicontainer.jpg 466w\" sizes=\"(max-width: 150px) 100vw, 150px\" \/>\t\t\t\t\t\t\t\t<\/a>\n\t\t\t\t\t\t\t\t\t\t\t\t\t\t\t<\/div>\n\t\t\t\t<\/div>\n\t\t\t\t<div class=\"elementor-element elementor-element-4828344 elementor-widget elementor-widget-heading\" data-id=\"4828344\" data-element_type=\"widget\" data-e-type=\"widget\" data-widget_type=\"heading.default\">\n\t\t\t\t<div class=\"elementor-widget-container\">\n\t\t\t\t\t<h5 class=\"elementor-heading-title elementor-size-default\">mexicontainer distributor<\/h5>\t\t\t\t<\/div>\n\t\t\t\t<\/div>\n\t\t\t\t<div class=\"elementor-element elementor-element-70d33e9 elementor-widget elementor-widget-text-editor\" data-id=\"70d33e9\" data-element_type=\"widget\" data-e-type=\"widget\" data-widget_type=\"text-editor.default\">\n\t\t\t\t<div class=\"elementor-widget-container\">\n\t\t\t\t\t\t\t\t\t<p>De conformidad con lo establecido en la Ley Federal de Protecci\u00f3n de Datos Personales en Posesi\u00f3n de los Particulares, <strong>Mexicontainer Distributor<\/strong> pone a su disposici\u00f3n el siguiente aviso de privacidad.<\/p><p><strong>Diego Olvera Avalos<\/strong>, es responsable del uso y protecci\u00f3n de sus datos personales, en este sentido y atendiendo las obligaciones legales establecidas en la Ley Federal de Protecci\u00f3n de Datos Personales en Posesi\u00f3n de los Particulares, a trav\u00e9s de este instrumento se informa a los titulares de los datos, la informaci\u00f3n que de ellos se recaba y los fines que se le dar\u00e1n a dicha informaci\u00f3n.<\/p><p>Los datos personales que recabamos de usted ser\u00e1n utilizados para las siguientes finalidades, las cuales son necesarias para concretar nuestra relaci\u00f3n con usted, as\u00ed como atender los servicios y\/o pedidos que solicite:<\/p><p>Los datos recabados se utilizan para poder generarle al mismo cliente una cotizaci\u00f3n referente a los Contenedores Mar\u00edtimos solicitada por el mismo cliente, en el cual generalmente se responde por correo electr\u00f3nico y en algunos casos que el mismo cliente lo pida se le responde v\u00eda WhatsApp. El n\u00famero telef\u00f3nico lo ocupamos para tratar dudas al respecto de su cotizaci\u00f3n o entrega de los contenedores mar\u00edtimos. Sus correos tambi\u00e9n se utilizan para posteriormente darles a conocer ofertas o promociones v\u00eda correo electr\u00f3nico.<\/p><p>Para llevar a cabo las finalidades descritas en el presente aviso de privacidad, utilizaremos los siguientes datos personales:<\/p><p><strong>Nombre<\/strong><br \/><strong>Empresa<\/strong><br \/><strong>Tel\u00e9fono celular o particular<\/strong><br \/><strong>Correo electr\u00f3nico<\/strong><br \/><strong>Lugar donde nos habla (Estado y\/o Ciudad y Municipio, Alcald\u00eda o Colonia)<\/strong><\/p><p>Por otra parte, informamos a usted, que sus datos personales no ser\u00e1n compartidos con ninguna autoridad, empresa, organizaci\u00f3n o persona distintas a nosotros y ser\u00e1n utilizados exclusivamente para los fines se\u00f1alados.<\/p><p>Usted tiene en todo momento el derecho a conocer qu\u00e9 datos personales tenemos de usted, para qu\u00e9 los utilizamos y las condiciones del uso que les damos (Acceso). Asimismo, es su derecho solicitar la correcci\u00f3n de su informaci\u00f3n personal en caso de que est\u00e9 desactualizada, sea inexacta o incompleta (Rectificaci\u00f3n); de igual manera, tiene derecho a que su informaci\u00f3n se elimine de nuestros registros o bases de datos cuando considere que la misma no est\u00e1 siendo utilizada adecuadamente (Cancelaci\u00f3n); as\u00ed como tambi\u00e9n a oponerse al uso de sus datos personales para fines espec\u00edficos (Oposici\u00f3n). Estos derechos se conocen como derechos ARCO.<\/p><p>Para el ejercicio de cualquiera de los derechos ARCO, se deber\u00e1 presentar la solicitud respectiva a trav\u00e9s de la siguiente direcci\u00f3n electr\u00f3nica:<\/p><p><em><strong>ventas@mexicontainer.mx<\/strong><\/em><\/p><p>Lo anterior tambi\u00e9n servir\u00e1 para conocer el procedimiento y requisitos para el ejercicio de los derechos ARCO.<\/p><p>La respuesta a la solicitud se dar\u00e1 en 1 a 3 d\u00edas h\u00e1biles y se comunicar\u00e1 de la siguiente manera:<\/p><p>A trav\u00e9s de:<\/p><ul><li><em><strong>Correo electr\u00f3nico<\/strong><\/em><\/li><li><em><strong>Tel\u00e9fono<\/strong><\/em><\/li><li><em><strong>WhatsApp<\/strong><\/em><\/li><\/ul><p>Los datos de contacto de la persona o departamento de datos personales, que est\u00e1 a cargo de dar tr\u00e1mite a las solicitudes de derechos ARCO, son los siguientes:<\/p><p><em><strong>a) Nombre del responsable:<\/strong> Departamento de Ventas<\/em><\/p><p><em><strong>b) Domicilio:<\/strong><\/em><\/p><p>Calle Florencia No. 57 402,<br \/>Alcaldia: Cuauht\u00e9moc,<br \/>Colonia: Ju\u00e1rez,<br \/>C.P. 06600,<br \/>Ciudad de M\u00e9xico, M\u00e9xico.<\/p><p><em><strong>c) Tel\u00e9fono:<\/strong><\/em> 55 8891 6902<\/p><p>Cabe mencionar, que en cualquier momento usted puede revocar su consentimiento para el uso de sus datos personales. Del mismo modo, usted puede revocar el consentimiento que, en su caso, nos haya otorgado para el tratamiento de sus datos personales.<\/p><p>Asimismo, usted deber\u00e1 considerar que para ciertos fines, la revocaci\u00f3n de su consentimiento implicar\u00e1 que no podamos seguir prestando el servicio que nos solicit\u00f3, o la conclusi\u00f3n de su relaci\u00f3n con nosotros.<\/p><p>Para revocar el consentimiento que usted otorga en este acto o para limitar su divulgaci\u00f3n, se deber\u00e1 presentar la solicitud respectiva a trav\u00e9s de la siguiente direcci\u00f3n electr\u00f3nica:<\/p><p><em><strong>ventas@mexicontaner.mx<\/strong><\/em><\/p><p>Del mismo modo, podr\u00e1 solicitar la informaci\u00f3n para conocer el procedimiento y requisitos para la revocaci\u00f3n del consentimiento, as\u00ed como limitar el uso y divulgaci\u00f3n de su informaci\u00f3n personal, sin embargo, estas solicitudes deber\u00e1n contener la siguiente informaci\u00f3n:<\/p><p><em><strong>Nombre<\/strong><\/em><br \/><em><strong>Fecha que mand\u00f3 sus datos<\/strong><\/em><br \/><em><strong>Tel\u00e9fono registrado<\/strong><\/em><br \/><em><strong>Empresa<\/strong><\/em><br \/><em><strong>Lugar de contacto (Estado o Municipio)<\/strong><\/em><br \/><em><strong>Motivo por el cual lo solicita<\/strong><\/em><\/p><p>La respuesta a la solicitud de revocaci\u00f3n o limitaci\u00f3n de divulgaci\u00f3n de sus datos se dar\u00e1 a m\u00e1s tardar en 1 a 3 d\u00edas h\u00e1biles y se comunicar\u00e1 de la siguiente forma:<\/p><p>A trav\u00e9s de correo electr\u00f3nico indicado en la solicitud que se formule.<\/p><p>de cambios en nuestro modelo de negocio, o por otras causas, por lo cual, nos comprometemos a mantenerlo informado sobre los cambios que pueda sufrir el presente aviso de privacidad, sin embargo, usted puede solicitar informaci\u00f3n sobre si el mismo ha sufrido alg\u00fan cambio a trav\u00e9s de la siguiente direcci\u00f3n electr\u00f3nica:<\/p><p style=\"text-align: left;\"><strong>ventas@mexicontainer.mx<\/strong><\/p><p style=\"text-align: right;\">\u00daltima actualizaci\u00f3n:<\/p><p style=\"text-align: right;\"><em><strong>31\/07\/2024<\/strong><\/em><\/p>\t\t\t\t\t\t\t\t<\/div>\n\t\t\t\t<\/div>\n\t\t\t\t\t<\/div>\n\t\t<\/div>\n\t\t\t\t\t<\/div>\n\t\t<\/section>\n\t\t\t\t<\/div>\n\t\t","protected":false},"excerpt":{"rendered":"<p>Aviso de privacidad mexicontainer distributor De conformidad con lo establecido en la Ley Federal de Protecci\u00f3n de Datos Personales en Posesi\u00f3n de los Particulares, Mexicontainer Distributor pone a su disposici\u00f3n el siguiente aviso de privacidad. Diego Olvera Avalos, es responsable del uso y protecci\u00f3n de sus datos personales, en este sentido y atendiendo las obligaciones [&hellip;]<\/p>\n","protected":false},"author":1,"featured_media":0,"parent":0,"menu_order":0,"comment_status":"closed","ping_status":"closed","template":"","meta":{"site-sidebar-layout":"no-sidebar","site-content-layout":"page-builder","ast-site-content-layout":"default","site-content-style":"default","site-sidebar-style":"default","ast-global-header-display":"","ast-banner-title-visibility":"","ast-main-header-display":"","ast-hfb-above-header-display":"","ast-hfb-below-header-display":"","ast-hfb-mobile-header-display":"","site-post-title":"disabled","ast-breadcrumbs-content":"","ast-featured-img":"disabled","footer-sml-layout":"","ast-disable-related-posts":"","theme-transparent-header-meta":"default","adv-header-id-meta":"","stick-header-meta":"","header-above-stick-meta":"","header-main-stick-meta":"","header-below-stick-meta":"","astra-migrate-meta-layouts":"default","ast-page-background-enabled":"default","ast-page-background-meta":{"desktop":{"background-color":"","background-image":"","background-repeat":"repeat","background-position":"center center","background-size":"auto","background-attachment":"scroll","background-type":"","background-media":"","overlay-type":"","overlay-color":"","overlay-opacity":"","overlay-gradient":""},"tablet":{"background-color":"","background-image":"","background-repeat":"repeat","background-position":"center center","background-size":"auto","background-attachment":"scroll","background-type":"","background-media":"","overlay-type":"","overlay-color":"","overlay-opacity":"","overlay-gradient":""},"mobile":{"background-color":"","background-image":"","background-repeat":"repeat","background-position":"center center","background-size":"auto","background-attachment":"scroll","background-type":"","background-media":"","overlay-type":"","overlay-color":"","overlay-opacity":"","overlay-gradient":""}},"ast-content-background-meta":{"desktop":{"background-color":"var(--ast-global-color-5)","background-image":"","background-repeat":"repeat","background-position":"center center","background-size":"auto","background-attachment":"scroll","background-type":"","background-media":"","overlay-type":"","overlay-color":"","overlay-opacity":"","overlay-gradient":""},"tablet":{"background-color":"var(--ast-global-color-5)","background-image":"","background-repeat":"repeat","background-position":"center center","background-size":"auto","background-attachment":"scroll","background-type":"","background-media":"","overlay-type":"","overlay-color":"","overlay-opacity":"","overlay-gradient":""},"mobile":{"background-color":"var(--ast-global-color-5)","background-image":"","background-repeat":"repeat","background-position":"center center","background-size":"auto","background-attachment":"scroll","background-type":"","background-media":"","overlay-type":"","overlay-color":"","overlay-opacity":"","overlay-gradient":""}},"_joinchat":[],"footnotes":""},"class_list":["post-1359","page","type-page","status-publish","hentry"],"_links":{"self":[{"href":"https:\/\/mexicontainer.mx\/contenedores-maritimos-precio\/wp-json\/wp\/v2\/pages\/1359","targetHints":{"allow":["GET"]}}],"collection":[{"href":"https:\/\/mexicontainer.mx\/contenedores-maritimos-precio\/wp-json\/wp\/v2\/pages"}],"about":[{"href":"https:\/\/mexicontainer.mx\/contenedores-maritimos-precio\/wp-json\/wp\/v2\/types\/page"}],"author":[{"embeddable":true,"href":"https:\/\/mexicontainer.mx\/contenedores-maritimos-precio\/wp-json\/wp\/v2\/users\/1"}],"replies":[{"embeddable":true,"href":"https:\/\/mexicontainer.mx\/contenedores-maritimos-precio\/wp-json\/wp\/v2\/comments?post=1359"}],"version-history":[{"count":10,"href":"https:\/\/mexicontainer.mx\/contenedores-maritimos-precio\/wp-json\/wp\/v2\/pages\/1359\/revisions"}],"predecessor-version":[{"id":2169,"href":"https:\/\/mexicontainer.mx\/contenedores-maritimos-precio\/wp-json\/wp\/v2\/pages\/1359\/revisions\/2169"}],"wp:attachment":[{"href":"https:\/\/mexicontainer.mx\/contenedores-maritimos-precio\/wp-json\/wp\/v2\/media?parent=1359"}],"curies":[{"name":"wp","href":"https:\/\/api.w.org\/{rel}","templated":true}]}}